{"id":243760,"date":"2022-11-08T15:59:46","date_gmt":"2022-11-08T14:59:46","guid":{"rendered":"https:\/\/www.finikkovo.sk\/machinery-fleet\/"},"modified":"2023-01-05T21:24:42","modified_gmt":"2023-01-05T20:24:42","slug":"machinery-fleet","status":"publish","type":"page","link":"https:\/\/www.finikkovo.sk\/en\/machinery-fleet\/","title":{"rendered":"Machinery fleet"},"content":{"rendered":"<p>[et_pb_section fb_built=&#8221;1&#8243; admin_label=&#8221;App&#8221; _builder_version=&#8221;4.19.0&#8243; use_background_color_gradient=&#8221;on&#8221; background_color_gradient_direction=&#8221;90deg&#8221; background_color_gradient_stops=&#8221;#7c0000 25%|rgba(0,0,0,0) 100%&#8221; background_color_gradient_start=&#8221;#7c0000&#8243; background_color_gradient_end=&#8221;rgba(0,0,0,0)&#8221; background_image=&#8221;https:\/\/www.finikkovo.sk\/wp-content\/uploads\/2022\/11\/modern-cnc-milling-machine-makes-large-cogwheel.jpg&#8221; background_blend=&#8221;multiply&#8221; custom_padding=&#8221;26px||118px|||&#8221; top_divider_color=&#8221;#ffffff&#8221; bottom_divider_color=&#8221;#ffffff&#8221; bottom_divider_repeat=&#8221;1x&#8221; global_colors_info=&#8221;{}&#8221;][et_pb_row column_structure=&#8221;1_2,1_2&#8243; _builder_version=&#8221;4.16&#8243; custom_margin=&#8221;65px|auto||auto||&#8221; custom_padding=&#8221;27px|||||&#8221; global_colors_info=&#8221;{}&#8221;][et_pb_column type=&#8221;1_2&#8243; _builder_version=&#8221;4.16&#8243; global_colors_info=&#8221;{}&#8221;][et_pb_text _builder_version=&#8221;4.19.0&#8243; text_text_color=&#8221;#ffffff&#8221; header_text_color=&#8221;#ffffff&#8221; header_2_font=&#8221;Darker Grotesque|900|||||||&#8221; header_2_font_size=&#8221;60px&#8221; background_layout=&#8221;dark&#8221; header_2_font_size_tablet=&#8221;50px&#8221; header_2_font_size_phone=&#8221;50px&#8221; header_2_font_size_last_edited=&#8221;on|phone&#8221; global_colors_info=&#8221;{}&#8221;]<\/p>\n<h2><span style=\"color: #ffffff;\">Machinery fleet<\/span><\/h2>\n<p>[\/et_pb_text][\/et_pb_column][et_pb_column type=&#8221;1_2&#8243; _builder_version=&#8221;4.16&#8243; global_colors_info=&#8221;{}&#8221;][\/et_pb_column][\/et_pb_row][\/et_pb_section][et_pb_section fb_built=&#8221;1&#8243; admin_label=&#8221;Features&#8221; _builder_version=&#8221;4.19.0&#8243; background_color=&#8221;#f2f2f2&#8243; background_enable_image=&#8221;off&#8221; background_size=&#8221;initial&#8221; background_position=&#8221;bottom_center&#8221; custom_margin=&#8221;||-9px|||&#8221; custom_padding=&#8221;||43px|||&#8221; bottom_divider_repeat=&#8221;9x&#8221; module_alignment_tablet=&#8221;center&#8221; module_alignment_last_edited=&#8221;off|tablet&#8221; global_colors_info=&#8221;{}&#8221;][et_pb_row _builder_version=&#8221;4.16&#8243; global_colors_info=&#8221;{}&#8221;][et_pb_column type=&#8221;4_4&#8243; _builder_version=&#8221;4.16&#8243; global_colors_info=&#8221;{}&#8221;][et_pb_text _builder_version=&#8221;4.19.0&#8243; header_2_font=&#8221;Darker Grotesque|900|||||||&#8221; header_2_font_size=&#8221;60px&#8221; background_layout=&#8221;dark&#8221; custom_margin=&#8221;||0px|||&#8221; header_2_font_size_tablet=&#8221;42px&#8221; header_2_font_size_phone=&#8221;30px&#8221; header_2_font_size_last_edited=&#8221;on|phone&#8221; global_colors_info=&#8221;{}&#8221;]<\/p>\n<h2><span style=\"color: #000000;\">Our technologies<\/span><\/h2>\n<p>[\/et_pb_text][et_pb_text _builder_version=&#8221;4.19.0&#8243; text_font=&#8221;Darker Grotesque|800|||||||&#8221; text_text_color=&#8221;#c81517&#8243; text_font_size=&#8221;22px&#8221; text_line_height=&#8221;1.4em&#8221; background_layout=&#8221;dark&#8221; custom_margin=&#8221;||16px|||&#8221; global_colors_info=&#8221;{}&#8221;]<\/p>\n<p>Machinery of our company.<\/p>\n<p>[\/et_pb_text][\/et_pb_column][\/et_pb_row][et_pb_row column_structure=&#8221;1_2,1_2&#8243; use_custom_gutter=&#8221;on&#8221; gutter_width=&#8221;2&#8243; make_equal=&#8221;on&#8221; _builder_version=&#8221;4.19.0&#8243; background_enable_color=&#8221;off&#8221; custom_margin=&#8221;2px|auto|7px|auto||&#8221; custom_padding=&#8221;||139px|||&#8221; global_colors_info=&#8221;{}&#8221;][et_pb_column type=&#8221;1_2&#8243; _builder_version=&#8221;4.19.0&#8243; background_color=&#8221;#ffffff&#8221; custom_padding=&#8221;30px|20px|30px|20px|false|false&#8221; box_shadow_style=&#8221;preset1&#8243; box_shadow_vertical=&#8221;-6px&#8221; box_shadow_blur=&#8221;20px&#8221; box_shadow_color=&#8221;rgba(0,0,0,0.03)&#8221; global_colors_info=&#8221;{}&#8221;][et_pb_image src=&#8221;https:\/\/www.finikkovo.sk\/wp-content\/uploads\/2022\/11\/4.jpg&#8221; title_text=&#8221;4&#8243; align=&#8221;center&#8221; _builder_version=&#8221;4.19.0&#8243; custom_margin_tablet=&#8221;0px||||false|false&#8221; custom_margin_phone=&#8221;&#8221; custom_margin_last_edited=&#8221;on|phone&#8221; global_colors_info=&#8221;{}&#8221;][\/et_pb_image][et_pb_text _builder_version=&#8221;4.19.0&#8243; text_font=&#8221;Darker Grotesque|600|||||||&#8221; text_text_color=&#8221;#000000&#8243; text_font_size=&#8221;18px&#8221; text_line_height=&#8221;1.4em&#8221; header_font=&#8221;Darker Grotesque|900|||||||&#8221; header_text_color=&#8221;#000000&#8243; header_font_size=&#8221;36px&#8221; header_2_font=&#8221;Darker Grotesque|900|||||||&#8221; header_2_text_color=&#8221;#ddccb8&#8243; header_2_font_size=&#8221;36px&#8221; header_3_font=&#8221;Darker Grotesque|900|||||||&#8221; header_3_text_align=&#8221;center&#8221; header_3_text_color=&#8221;#ddccb8&#8243; header_3_font_size=&#8221;36px&#8221; header_4_font=&#8221;Darker Grotesque|900|||||||&#8221; header_4_text_color=&#8221;#ddccb8&#8243; header_4_font_size=&#8221;36px&#8221; header_5_font=&#8221;Darker Grotesque|900|||||||&#8221; header_5_text_color=&#8221;#ddccb8&#8243; header_5_font_size=&#8221;36px&#8221; header_6_font=&#8221;Darker Grotesque|900|||||||&#8221; header_6_text_color=&#8221;#ddccb8&#8243; header_6_font_size=&#8221;36px&#8221; background_layout=&#8221;dark&#8221; custom_margin=&#8221;||7px|||&#8221; header_font_size_tablet=&#8221;30px&#8221; header_font_size_phone=&#8221;24px&#8221; header_font_size_last_edited=&#8221;on|phone&#8221; header_2_font_size_tablet=&#8221;30px&#8221; header_2_font_size_phone=&#8221;24px&#8221; header_2_font_size_last_edited=&#8221;on|phone&#8221; header_3_font_size_tablet=&#8221;30px&#8221; header_3_font_size_phone=&#8221;24px&#8221; header_3_font_size_last_edited=&#8221;on|phone&#8221; header_4_font_size_tablet=&#8221;30px&#8221; header_4_font_size_phone=&#8221;24px&#8221; header_4_font_size_last_edited=&#8221;on|phone&#8221; header_5_font_size_tablet=&#8221;30px&#8221; header_5_font_size_phone=&#8221;24px&#8221; header_5_font_size_last_edited=&#8221;on|phone&#8221; header_6_font_size_tablet=&#8221;30px&#8221; header_6_font_size_phone=&#8221;24px&#8221; header_6_font_size_last_edited=&#8221;on|phone&#8221; global_colors_info=&#8221;{}&#8221;]<\/p>\n<h3><span style=\"color: #000000;\">Mikron VCE 1200 Pro<\/span><\/h3>\n<p>[\/et_pb_text][et_pb_text _builder_version=&#8221;4.19.0&#8243; text_font=&#8221;Darker Grotesque|600|||||||&#8221; text_font_size=&#8221;18px&#8221; text_line_height=&#8221;1.4em&#8221; text_orientation=&#8221;center&#8221; global_colors_info=&#8221;{}&#8221;]<\/p>\n<p>X = 1200 mm<br \/>\nY = 600 mm<br \/>\nZ = 675 mm<br \/>\nmax 1700kg  <\/p>\n<p>[\/et_pb_text][\/et_pb_column][et_pb_column type=&#8221;1_2&#8243; _builder_version=&#8221;4.16&#8243; background_color=&#8221;#ffffff&#8221; custom_padding=&#8221;30px|20px|30px|20px|false|false&#8221; box_shadow_style=&#8221;preset1&#8243; box_shadow_vertical=&#8221;-6px&#8221; box_shadow_blur=&#8221;20px&#8221; box_shadow_color=&#8221;rgba(0,0,0,0.03)&#8221; global_colors_info=&#8221;{}&#8221;][et_pb_image src=&#8221;https:\/\/www.finikkovo.sk\/wp-content\/uploads\/2022\/11\/3.jpg&#8221; title_text=&#8221;3&#8243; align=&#8221;center&#8221; _builder_version=&#8221;4.19.0&#8243; custom_margin_tablet=&#8221;0px||||false|false&#8221; custom_margin_phone=&#8221;&#8221; custom_margin_last_edited=&#8221;on|phone&#8221; global_colors_info=&#8221;{}&#8221;][\/et_pb_image][et_pb_text _builder_version=&#8221;4.19.0&#8243; text_font=&#8221;Darker Grotesque|600|||||||&#8221; text_text_color=&#8221;#000000&#8243; text_font_size=&#8221;18px&#8221; text_line_height=&#8221;1.4em&#8221; header_font=&#8221;Darker Grotesque|900|||||||&#8221; header_text_color=&#8221;#000000&#8243; header_font_size=&#8221;36px&#8221; header_2_font=&#8221;Darker Grotesque|900|||||||&#8221; header_2_text_color=&#8221;#ddccb8&#8243; header_2_font_size=&#8221;36px&#8221; header_3_font=&#8221;Darker Grotesque|900|||||||&#8221; header_3_text_align=&#8221;center&#8221; header_3_text_color=&#8221;#ddccb8&#8243; header_3_font_size=&#8221;36px&#8221; header_4_font=&#8221;Darker Grotesque|900|||||||&#8221; header_4_text_color=&#8221;#ddccb8&#8243; header_4_font_size=&#8221;36px&#8221; header_5_font=&#8221;Darker Grotesque|900|||||||&#8221; header_5_text_color=&#8221;#ddccb8&#8243; header_5_font_size=&#8221;36px&#8221; header_6_font=&#8221;Darker Grotesque|900|||||||&#8221; header_6_text_color=&#8221;#ddccb8&#8243; header_6_font_size=&#8221;36px&#8221; background_layout=&#8221;dark&#8221; custom_margin=&#8221;||7px|||&#8221; header_font_size_tablet=&#8221;30px&#8221; header_font_size_phone=&#8221;24px&#8221; header_font_size_last_edited=&#8221;on|phone&#8221; header_2_font_size_tablet=&#8221;30px&#8221; header_2_font_size_phone=&#8221;24px&#8221; header_2_font_size_last_edited=&#8221;on|phone&#8221; header_3_font_size_tablet=&#8221;30px&#8221; header_3_font_size_phone=&#8221;24px&#8221; header_3_font_size_last_edited=&#8221;on|phone&#8221; header_4_font_size_tablet=&#8221;30px&#8221; header_4_font_size_phone=&#8221;24px&#8221; header_4_font_size_last_edited=&#8221;on|phone&#8221; header_5_font_size_tablet=&#8221;30px&#8221; header_5_font_size_phone=&#8221;24px&#8221; header_5_font_size_last_edited=&#8221;on|phone&#8221; header_6_font_size_tablet=&#8221;30px&#8221; header_6_font_size_phone=&#8221;24px&#8221; header_6_font_size_last_edited=&#8221;on|phone&#8221; global_colors_info=&#8221;{}&#8221;]<\/p>\n<h3><span style=\"color: #000000;\">Mikron VCE 800 Pro<\/span><\/h3>\n<p>[\/et_pb_text][et_pb_text _builder_version=&#8221;4.19.0&#8243; text_font=&#8221;Darker Grotesque|600|||||||&#8221; text_font_size=&#8221;18px&#8221; text_line_height=&#8221;1.4em&#8221; text_orientation=&#8221;center&#8221; global_colors_info=&#8221;{}&#8221;]<\/p>\n<p>X = 800 mm<br \/>\nY = 500 mm<br \/>\nZ = 540 mm<br \/>\nmax 1100kg  <\/p>\n<p>[\/et_pb_text][\/et_pb_column][\/et_pb_row][\/et_pb_section][et_pb_section fb_built=&#8221;1&#8243; admin_label=&#8221;Feature&#8221; _builder_version=&#8221;4.16&#8243; background_color=&#8221;#282828&#8243; custom_margin=&#8221;6px|||||&#8221; custom_padding=&#8221;32px||29px|||&#8221; top_divider_color=&#8221;#ffffff&#8221; top_divider_repeat=&#8221;9x&#8221; global_colors_info=&#8221;{}&#8221;][et_pb_row _builder_version=&#8221;4.19.0&#8243; background_color=&#8221;#e02b20&#8243; use_background_color_gradient=&#8221;on&#8221; background_color_gradient_stops=&#8221;#e02b20 0%|#210000 100%&#8221; background_image=&#8221;https:\/\/www.finikkovo.sk\/wp-content\/uploads\/2022\/12\/metalworking-cnc-milling-machine-cutting-metal-modern-processing-technology-small-depth-field-warning-authentic-shooting-challenging-conditions-little-bit-grain-maybe-blurred.jpg&#8221; background_blend=&#8221;overlay&#8221; custom_margin=&#8221;-130px||||false|false&#8221; custom_padding=&#8221;0px||0px||false|false&#8221; global_colors_info=&#8221;{}&#8221;][et_pb_column type=&#8221;4_4&#8243; _builder_version=&#8221;4.19.0&#8243; background_enable_color=&#8221;off&#8221; custom_padding=&#8221;30px|20px|30px|20px|false|false&#8221; global_colors_info=&#8221;{}&#8221;][et_pb_text _builder_version=&#8221;4.19.0&#8243; text_font=&#8221;Darker Grotesque|600|||||||&#8221; text_text_color=&#8221;#000000&#8243; text_font_size=&#8221;18px&#8221; text_line_height=&#8221;1.4em&#8221; header_font=&#8221;Darker Grotesque|900|||||||&#8221; header_text_color=&#8221;#ddccb8&#8243; header_font_size=&#8221;36px&#8221; header_2_font=&#8221;Darker Grotesque|900|||||||&#8221; header_2_text_color=&#8221;#ddccb8&#8243; header_2_font_size=&#8221;36px&#8221; header_3_font=&#8221;Darker Grotesque|900|||||||&#8221; header_3_text_align=&#8221;center&#8221; header_3_text_color=&#8221;#ddccb8&#8243; header_3_font_size=&#8221;36px&#8221; header_4_font=&#8221;Darker Grotesque|900|||||||&#8221; header_4_text_color=&#8221;#ddccb8&#8243; header_4_font_size=&#8221;36px&#8221; header_5_font=&#8221;Darker Grotesque|900|||||||&#8221; header_5_text_color=&#8221;#ddccb8&#8243; header_5_font_size=&#8221;36px&#8221; header_6_font=&#8221;Darker Grotesque|900|||||||&#8221; header_6_text_color=&#8221;#ddccb8&#8243; header_6_font_size=&#8221;36px&#8221; background_layout=&#8221;dark&#8221; custom_margin=&#8221;||7px|||&#8221; header_font_size_tablet=&#8221;30px&#8221; header_font_size_phone=&#8221;24px&#8221; header_font_size_last_edited=&#8221;on|phone&#8221; header_2_font_size_tablet=&#8221;30px&#8221; header_2_font_size_phone=&#8221;24px&#8221; header_2_font_size_last_edited=&#8221;on|phone&#8221; header_3_font_size_tablet=&#8221;50px&#8221; header_3_font_size_phone=&#8221;40px&#8221; header_3_font_size_last_edited=&#8221;on|phone&#8221; header_4_font_size_tablet=&#8221;30px&#8221; header_4_font_size_phone=&#8221;24px&#8221; header_4_font_size_last_edited=&#8221;on|phone&#8221; header_5_font_size_tablet=&#8221;30px&#8221; header_5_font_size_phone=&#8221;24px&#8221; header_5_font_size_last_edited=&#8221;on|phone&#8221; header_6_font_size_tablet=&#8221;30px&#8221; header_6_font_size_phone=&#8221;24px&#8221; header_6_font_size_last_edited=&#8221;on|phone&#8221; global_colors_info=&#8221;{}&#8221;]<\/p>\n<h3><span style=\"color: #ffffff;\">Send us your enquiry<\/span><\/h3>\n<p>[\/et_pb_text][et_pb_text _builder_version=&#8221;4.19.0&#8243; text_font=&#8221;Darker Grotesque|800|||||||&#8221; text_text_color=&#8221;#ffffff&#8221; text_font_size=&#8221;22px&#8221; text_line_height=&#8221;1.4em&#8221; text_orientation=&#8221;center&#8221; background_layout=&#8221;dark&#8221; custom_margin=&#8221;||30px|||&#8221; global_colors_info=&#8221;{}&#8221;]<\/p>\n<p>If you are interested, please do not hesitate to contact us via the form. We will contact you back within 24 hours.<\/p>\n<p>[\/et_pb_text][et_pb_button button_url=&#8221;https:\/\/www.finikkovo.sk\/en\/contact\/&#8221; button_text=&#8221;CONTACT&#8221; button_alignment=&#8221;center&#8221; _builder_version=&#8221;4.19.0&#8243; custom_button=&#8221;on&#8221; button_text_color=&#8221;#000000&#8243; button_bg_color=&#8221;#ffffff&#8221; button_border_color=&#8221;#ffffff&#8221; button_border_radius=&#8221;2px&#8221; button_letter_spacing=&#8221;2px&#8221; button_font=&#8221;Darker Grotesque|900||on|||||&#8221; button_use_icon=&#8221;off&#8221; custom_padding=&#8221;15px|40px|15px|40px|true|true&#8221; hover_enabled=&#8221;0&#8243; button_text_size_tablet=&#8221;20px&#8221; button_text_size_phone=&#8221;16px&#8221; button_text_size_last_edited=&#8221;on|phone&#8221; locked=&#8221;off&#8221; global_colors_info=&#8221;{}&#8221; button_border_color__hover_enabled=&#8221;on|hover&#8221; button_border_color__hover=&#8221;#e02b20&#8243; button_bg_color__hover_enabled=&#8221;on|hover&#8221; button_bg_color__hover=&#8221;#c81517&#8243; button_bg_enable_color__hover=&#8221;on&#8221; button_text_color__hover_enabled=&#8221;on|hover&#8221; button_text_color__hover=&#8221;#ffffff&#8221; sticky_enabled=&#8221;0&#8243;][\/et_pb_button][\/et_pb_column][\/et_pb_row][\/et_pb_section]<\/p>\n","protected":false},"excerpt":{"rendered":"<p>Machinery fleetOur technologiesMachinery of our company.Mikron VCE 1200 ProX = 1200 mm Y = 600 mm Z = 675 mm max 1700kg Mikron VCE 800 ProX = 800 mm Y = 500 mm Z = 540 mm max 1100kg Send us your enquiryIf you are interested, please do not hesitate to contact us via the [&hellip;]<\/p>\n","protected":false},"author":1,"featured_media":0,"parent":0,"menu_order":0,"comment_status":"closed","ping_status":"closed","template":"","meta":{"_et_pb_use_builder":"on","_et_pb_old_content":"","_et_gb_content_width":"","inline_featured_image":false,"_monsterinsights_skip_tracking":false,"_monsterinsights_sitenote_active":false,"_monsterinsights_sitenote_note":"","_monsterinsights_sitenote_category":0},"yoast_head":"<!-- This site is optimized with the Yoast SEO plugin v19.9 - https:\/\/yoast.com\/wordpress\/plugins\/seo\/ -->\n<title>Machinery fleet - FinikKovo<\/title>\n<meta name=\"robots\" content=\"index, follow, max-snippet:-1, max-image-preview:large, max-video-preview:-1\" \/>\n<link rel=\"canonical\" href=\"https:\/\/www.finikkovo.sk\/en\/machinery-fleet\/\" \/>\n<meta property=\"og:locale\" content=\"en_US\" \/>\n<meta property=\"og:type\" content=\"article\" \/>\n<meta property=\"og:title\" content=\"Machinery fleet - FinikKovo\" \/>\n<meta property=\"og:description\" content=\"Machinery fleetOur technologiesMachinery of our company.Mikron VCE 1200 ProX = 1200 mm Y = 600 mm Z = 675 mm max 1700kg Mikron VCE 800 ProX = 800 mm Y = 500 mm Z = 540 mm max 1100kg Send us your enquiryIf you are interested, please do not hesitate to contact us via the [&hellip;]\" \/>\n<meta property=\"og:url\" content=\"https:\/\/www.finikkovo.sk\/en\/machinery-fleet\/\" \/>\n<meta property=\"og:site_name\" content=\"FinikKovo\" \/>\n<meta property=\"article:publisher\" content=\"https:\/\/www.facebook.com\/sfkovo\" \/>\n<meta property=\"article:modified_time\" content=\"2023-01-05T20:24:42+00:00\" \/>\n<meta property=\"og:image\" content=\"https:\/\/www.finikkovo.sk\/wp-content\/uploads\/2022\/12\/cropped-FK-symbol.jpg\" \/>\n\t<meta property=\"og:image:width\" content=\"512\" \/>\n\t<meta property=\"og:image:height\" content=\"512\" \/>\n\t<meta property=\"og:image:type\" content=\"image\/jpeg\" \/>\n<meta name=\"twitter:card\" content=\"summary_large_image\" \/>\n<meta name=\"twitter:label1\" content=\"Est. reading time\" \/>\n\t<meta name=\"twitter:data1\" content=\"8 minutes\" \/>\n<script type=\"application\/ld+json\" class=\"yoast-schema-graph\">{\"@context\":\"https:\/\/schema.org\",\"@graph\":[{\"@type\":\"WebPage\",\"@id\":\"https:\/\/www.finikkovo.sk\/en\/machinery-fleet\/\",\"url\":\"https:\/\/www.finikkovo.sk\/en\/machinery-fleet\/\",\"name\":\"Machinery fleet - FinikKovo\",\"isPartOf\":{\"@id\":\"https:\/\/www.finikkovo.sk\/en\/#website\"},\"datePublished\":\"2022-11-08T14:59:46+00:00\",\"dateModified\":\"2023-01-05T20:24:42+00:00\",\"breadcrumb\":{\"@id\":\"https:\/\/www.finikkovo.sk\/en\/machinery-fleet\/#breadcrumb\"},\"inLanguage\":\"en-US\",\"potentialAction\":[{\"@type\":\"ReadAction\",\"target\":[\"https:\/\/www.finikkovo.sk\/en\/machinery-fleet\/\"]}]},{\"@type\":\"BreadcrumbList\",\"@id\":\"https:\/\/www.finikkovo.sk\/en\/machinery-fleet\/#breadcrumb\",\"itemListElement\":[{\"@type\":\"ListItem\",\"position\":1,\"name\":\"Home\",\"item\":\"https:\/\/www.finikkovo.sk\/en\/\"},{\"@type\":\"ListItem\",\"position\":2,\"name\":\"Machinery fleet\"}]},{\"@type\":\"WebSite\",\"@id\":\"https:\/\/www.finikkovo.sk\/en\/#website\",\"url\":\"https:\/\/www.finikkovo.sk\/en\/\",\"name\":\"FinikKovo\",\"description\":\"Kusov\u00e1 a s\u00e9riov\u00e1 v\u00fdroba s\u00fa\u010diastok\",\"publisher\":{\"@id\":\"https:\/\/www.finikkovo.sk\/en\/#organization\"},\"potentialAction\":[{\"@type\":\"SearchAction\",\"target\":{\"@type\":\"EntryPoint\",\"urlTemplate\":\"https:\/\/www.finikkovo.sk\/en\/?s={search_term_string}\"},\"query-input\":\"required name=search_term_string\"}],\"inLanguage\":\"en-US\"},{\"@type\":\"Organization\",\"@id\":\"https:\/\/www.finikkovo.sk\/en\/#organization\",\"name\":\"FinikKovo\",\"url\":\"https:\/\/www.finikkovo.sk\/en\/\",\"logo\":{\"@type\":\"ImageObject\",\"inLanguage\":\"en-US\",\"@id\":\"https:\/\/www.finikkovo.sk\/en\/#\/schema\/logo\/image\/\",\"url\":\"https:\/\/www.finikkovo.sk\/wp-content\/uploads\/2022\/12\/cropped-FK-symbol.jpg\",\"contentUrl\":\"https:\/\/www.finikkovo.sk\/wp-content\/uploads\/2022\/12\/cropped-FK-symbol.jpg\",\"width\":512,\"height\":512,\"caption\":\"FinikKovo\"},\"image\":{\"@id\":\"https:\/\/www.finikkovo.sk\/en\/#\/schema\/logo\/image\/\"},\"sameAs\":[\"https:\/\/www.instagram.com\/finik_kovo\/\",\"https:\/\/www.facebook.com\/sfkovo\"]}]}<\/script>\n<!-- \/ Yoast SEO plugin. -->","yoast_head_json":{"title":"Machinery fleet - FinikKovo","robots":{"index":"index","follow":"follow","max-snippet":"max-snippet:-1","max-image-preview":"max-image-preview:large","max-video-preview":"max-video-preview:-1"},"canonical":"https:\/\/www.finikkovo.sk\/en\/machinery-fleet\/","og_locale":"en_US","og_type":"article","og_title":"Machinery fleet - FinikKovo","og_description":"Machinery fleetOur technologiesMachinery of our company.Mikron VCE 1200 ProX = 1200 mm Y = 600 mm Z = 675 mm max 1700kg Mikron VCE 800 ProX = 800 mm Y = 500 mm Z = 540 mm max 1100kg Send us your enquiryIf you are interested, please do not hesitate to contact us via the [&hellip;]","og_url":"https:\/\/www.finikkovo.sk\/en\/machinery-fleet\/","og_site_name":"FinikKovo","article_publisher":"https:\/\/www.facebook.com\/sfkovo","article_modified_time":"2023-01-05T20:24:42+00:00","og_image":[{"width":512,"height":512,"url":"https:\/\/www.finikkovo.sk\/wp-content\/uploads\/2022\/12\/cropped-FK-symbol.jpg","type":"image\/jpeg"}],"twitter_card":"summary_large_image","twitter_misc":{"Est. reading time":"8 minutes"},"schema":{"@context":"https:\/\/schema.org","@graph":[{"@type":"WebPage","@id":"https:\/\/www.finikkovo.sk\/en\/machinery-fleet\/","url":"https:\/\/www.finikkovo.sk\/en\/machinery-fleet\/","name":"Machinery fleet - FinikKovo","isPartOf":{"@id":"https:\/\/www.finikkovo.sk\/en\/#website"},"datePublished":"2022-11-08T14:59:46+00:00","dateModified":"2023-01-05T20:24:42+00:00","breadcrumb":{"@id":"https:\/\/www.finikkovo.sk\/en\/machinery-fleet\/#breadcrumb"},"inLanguage":"en-US","potentialAction":[{"@type":"ReadAction","target":["https:\/\/www.finikkovo.sk\/en\/machinery-fleet\/"]}]},{"@type":"BreadcrumbList","@id":"https:\/\/www.finikkovo.sk\/en\/machinery-fleet\/#breadcrumb","itemListElement":[{"@type":"ListItem","position":1,"name":"Home","item":"https:\/\/www.finikkovo.sk\/en\/"},{"@type":"ListItem","position":2,"name":"Machinery fleet"}]},{"@type":"WebSite","@id":"https:\/\/www.finikkovo.sk\/en\/#website","url":"https:\/\/www.finikkovo.sk\/en\/","name":"FinikKovo","description":"Kusov\u00e1 a s\u00e9riov\u00e1 v\u00fdroba s\u00fa\u010diastok","publisher":{"@id":"https:\/\/www.finikkovo.sk\/en\/#organization"},"potentialAction":[{"@type":"SearchAction","target":{"@type":"EntryPoint","urlTemplate":"https:\/\/www.finikkovo.sk\/en\/?s={search_term_string}"},"query-input":"required name=search_term_string"}],"inLanguage":"en-US"},{"@type":"Organization","@id":"https:\/\/www.finikkovo.sk\/en\/#organization","name":"FinikKovo","url":"https:\/\/www.finikkovo.sk\/en\/","logo":{"@type":"ImageObject","inLanguage":"en-US","@id":"https:\/\/www.finikkovo.sk\/en\/#\/schema\/logo\/image\/","url":"https:\/\/www.finikkovo.sk\/wp-content\/uploads\/2022\/12\/cropped-FK-symbol.jpg","contentUrl":"https:\/\/www.finikkovo.sk\/wp-content\/uploads\/2022\/12\/cropped-FK-symbol.jpg","width":512,"height":512,"caption":"FinikKovo"},"image":{"@id":"https:\/\/www.finikkovo.sk\/en\/#\/schema\/logo\/image\/"},"sameAs":["https:\/\/www.instagram.com\/finik_kovo\/","https:\/\/www.facebook.com\/sfkovo"]}]}},"_links":{"self":[{"href":"https:\/\/www.finikkovo.sk\/en\/wp-json\/wp\/v2\/pages\/243760"}],"collection":[{"href":"https:\/\/www.finikkovo.sk\/en\/wp-json\/wp\/v2\/pages"}],"about":[{"href":"https:\/\/www.finikkovo.sk\/en\/wp-json\/wp\/v2\/types\/page"}],"author":[{"embeddable":true,"href":"https:\/\/www.finikkovo.sk\/en\/wp-json\/wp\/v2\/users\/1"}],"replies":[{"embeddable":true,"href":"https:\/\/www.finikkovo.sk\/en\/wp-json\/wp\/v2\/comments?post=243760"}],"version-history":[{"count":4,"href":"https:\/\/www.finikkovo.sk\/en\/wp-json\/wp\/v2\/pages\/243760\/revisions"}],"predecessor-version":[{"id":243927,"href":"https:\/\/www.finikkovo.sk\/en\/wp-json\/wp\/v2\/pages\/243760\/revisions\/243927"}],"wp:attachment":[{"href":"https:\/\/www.finikkovo.sk\/en\/wp-json\/wp\/v2\/media?parent=243760"}],"curies":[{"name":"wp","href":"https:\/\/api.w.org\/{rel}","templated":true}]}}