{"id":243759,"date":"2022-11-08T15:59:46","date_gmt":"2022-11-08T14:59:46","guid":{"rendered":"https:\/\/www.finikkovo.sk\/maschinenpark\/"},"modified":"2023-01-05T21:27:03","modified_gmt":"2023-01-05T20:27:03","slug":"maschinenpark","status":"publish","type":"page","link":"https:\/\/www.finikkovo.sk\/de\/maschinenpark\/","title":{"rendered":"Maschinenpark"},"content":{"rendered":"<p>[et_pb_section fb_built=&#8220;1&#8243; admin_label=&#8220;App&#8220; _builder_version=&#8220;4.19.0&#8243; use_background_color_gradient=&#8220;on&#8220; background_color_gradient_direction=&#8220;90deg&#8220; background_color_gradient_stops=&#8220;#7c0000 25%|rgba(0,0,0,0) 100%&#8220; background_color_gradient_start=&#8220;#7c0000&#8243; background_color_gradient_end=&#8220;rgba(0,0,0,0)&#8220; background_image=&#8220;https:\/\/www.finikkovo.sk\/wp-content\/uploads\/2022\/11\/modern-cnc-milling-machine-makes-large-cogwheel.jpg&#8220; background_blend=&#8220;multiply&#8220; custom_padding=&#8220;26px||118px|||&#8220; top_divider_color=&#8220;#ffffff&#8220; bottom_divider_color=&#8220;#ffffff&#8220; bottom_divider_repeat=&#8220;1x&#8220; global_colors_info=&#8220;{}&#8220;][et_pb_row column_structure=&#8220;1_2,1_2&#8243; _builder_version=&#8220;4.16&#8243; custom_margin=&#8220;65px|auto||auto||&#8220; custom_padding=&#8220;27px|||||&#8220; global_colors_info=&#8220;{}&#8220;][et_pb_column type=&#8220;1_2&#8243; _builder_version=&#8220;4.16&#8243; global_colors_info=&#8220;{}&#8220;][et_pb_text _builder_version=&#8220;4.19.0&#8243; text_text_color=&#8220;#ffffff&#8220; header_text_color=&#8220;#ffffff&#8220; header_2_font=&#8220;Darker Grotesque|900|||||||&#8220; header_2_font_size=&#8220;60px&#8220; background_layout=&#8220;dark&#8220; header_2_font_size_tablet=&#8220;50px&#8220; header_2_font_size_phone=&#8220;50px&#8220; header_2_font_size_last_edited=&#8220;on|phone&#8220; global_colors_info=&#8220;{}&#8220;]<\/p>\n<h2><span style=\"color: #ffffff\">Maschinenpark<\/span><\/h2>\n<p>[\/et_pb_text][\/et_pb_column][et_pb_column type=&#8220;1_2&#8243; _builder_version=&#8220;4.16&#8243; global_colors_info=&#8220;{}&#8220;][\/et_pb_column][\/et_pb_row][\/et_pb_section][et_pb_section fb_built=&#8220;1&#8243; admin_label=&#8220;Features&#8220; _builder_version=&#8220;4.19.0&#8243; background_color=&#8220;#f2f2f2&#8243; background_enable_image=&#8220;off&#8220; background_size=&#8220;initial&#8220; background_position=&#8220;bottom_center&#8220; custom_margin=&#8220;||-9px|||&#8220; custom_padding=&#8220;||43px|||&#8220; bottom_divider_repeat=&#8220;9x&#8220; module_alignment_tablet=&#8220;center&#8220; module_alignment_last_edited=&#8220;off|tablet&#8220; global_colors_info=&#8220;{}&#8220;][et_pb_row _builder_version=&#8220;4.16&#8243; global_colors_info=&#8220;{}&#8220;][et_pb_column type=&#8220;4_4&#8243; _builder_version=&#8220;4.16&#8243; global_colors_info=&#8220;{}&#8220;][et_pb_text _builder_version=&#8220;4.19.0&#8243; header_2_font=&#8220;Darker Grotesque|900|||||||&#8220; header_2_font_size=&#8220;60px&#8220; background_layout=&#8220;dark&#8220; custom_margin=&#8220;||0px|||&#8220; header_2_font_size_tablet=&#8220;42px&#8220; header_2_font_size_phone=&#8220;30px&#8220; header_2_font_size_last_edited=&#8220;on|phone&#8220; global_colors_info=&#8220;{}&#8220;]<\/p>\n<h2><span style=\"color: #000000\">Unsere Technologien<\/span><\/h2>\n<p>[\/et_pb_text][et_pb_text _builder_version=&#8220;4.19.0&#8243; text_font=&#8220;Darker Grotesque|800|||||||&#8220; text_text_color=&#8220;#c81517&#8243; text_font_size=&#8220;22px&#8220; text_line_height=&#8220;1.4em&#8220; background_layout=&#8220;dark&#8220; custom_margin=&#8220;||16px|||&#8220; global_colors_info=&#8220;{}&#8220;]<\/p>\n<p>Maschinenpark unseres Unternehmens.<\/p>\n<p>[\/et_pb_text][\/et_pb_column][\/et_pb_row][et_pb_row column_structure=&#8220;1_2,1_2&#8243; use_custom_gutter=&#8220;on&#8220; gutter_width=&#8220;2&#8243; make_equal=&#8220;on&#8220; _builder_version=&#8220;4.19.0&#8243; background_enable_color=&#8220;off&#8220; custom_margin=&#8220;2px|auto|7px|auto||&#8220; custom_padding=&#8220;||139px|||&#8220; global_colors_info=&#8220;{}&#8220;][et_pb_column type=&#8220;1_2&#8243; _builder_version=&#8220;4.19.0&#8243; background_color=&#8220;#ffffff&#8220; custom_padding=&#8220;30px|20px|30px|20px|false|false&#8220; box_shadow_style=&#8220;preset1&#8243; box_shadow_vertical=&#8220;-6px&#8220; box_shadow_blur=&#8220;20px&#8220; box_shadow_color=&#8220;rgba(0,0,0,0.03)&#8220; global_colors_info=&#8220;{}&#8220;][et_pb_image src=&#8220;https:\/\/www.finikkovo.sk\/wp-content\/uploads\/2022\/11\/4.jpg&#8220; title_text=&#8220;4&#8243; align=&#8220;center&#8220; _builder_version=&#8220;4.19.0&#8243; custom_margin_tablet=&#8220;0px||||false|false&#8220; custom_margin_phone=&#8220;&#8220; custom_margin_last_edited=&#8220;on|phone&#8220; global_colors_info=&#8220;{}&#8220;][\/et_pb_image][et_pb_text _builder_version=&#8220;4.19.0&#8243; text_font=&#8220;Darker Grotesque|600|||||||&#8220; text_text_color=&#8220;#000000&#8243; text_font_size=&#8220;18px&#8220; text_line_height=&#8220;1.4em&#8220; header_font=&#8220;Darker Grotesque|900|||||||&#8220; header_text_color=&#8220;#000000&#8243; header_font_size=&#8220;36px&#8220; header_2_font=&#8220;Darker Grotesque|900|||||||&#8220; header_2_text_color=&#8220;#ddccb8&#8243; header_2_font_size=&#8220;36px&#8220; header_3_font=&#8220;Darker Grotesque|900|||||||&#8220; header_3_text_align=&#8220;center&#8220; header_3_text_color=&#8220;#ddccb8&#8243; header_3_font_size=&#8220;36px&#8220; header_4_font=&#8220;Darker Grotesque|900|||||||&#8220; header_4_text_color=&#8220;#ddccb8&#8243; header_4_font_size=&#8220;36px&#8220; header_5_font=&#8220;Darker Grotesque|900|||||||&#8220; header_5_text_color=&#8220;#ddccb8&#8243; header_5_font_size=&#8220;36px&#8220; header_6_font=&#8220;Darker Grotesque|900|||||||&#8220; header_6_text_color=&#8220;#ddccb8&#8243; header_6_font_size=&#8220;36px&#8220; background_layout=&#8220;dark&#8220; custom_margin=&#8220;||7px|||&#8220; header_font_size_tablet=&#8220;30px&#8220; header_font_size_phone=&#8220;24px&#8220; header_font_size_last_edited=&#8220;on|phone&#8220; header_2_font_size_tablet=&#8220;30px&#8220; header_2_font_size_phone=&#8220;24px&#8220; header_2_font_size_last_edited=&#8220;on|phone&#8220; header_3_font_size_tablet=&#8220;30px&#8220; header_3_font_size_phone=&#8220;24px&#8220; header_3_font_size_last_edited=&#8220;on|phone&#8220; header_4_font_size_tablet=&#8220;30px&#8220; header_4_font_size_phone=&#8220;24px&#8220; header_4_font_size_last_edited=&#8220;on|phone&#8220; header_5_font_size_tablet=&#8220;30px&#8220; header_5_font_size_phone=&#8220;24px&#8220; header_5_font_size_last_edited=&#8220;on|phone&#8220; header_6_font_size_tablet=&#8220;30px&#8220; header_6_font_size_phone=&#8220;24px&#8220; header_6_font_size_last_edited=&#8220;on|phone&#8220; global_colors_info=&#8220;{}&#8220;]<\/p>\n<h3><span style=\"color: #000000\">Mikron VCE 1200 Pro<\/span><\/h3>\n<p>[\/et_pb_text][et_pb_text _builder_version=&#8220;4.19.0&#8243; text_font=&#8220;Darker Grotesque|600|||||||&#8220; text_font_size=&#8220;18px&#8220; text_line_height=&#8220;1.4em&#8220; text_orientation=&#8220;center&#8220; global_colors_info=&#8220;{}&#8220;]<\/p>\n<p>X = 1200 mm<br \/>\nY = 600 mm<br \/>\nZ = 675 mm<br \/>\nmax 1700kg  <\/p>\n<p>[\/et_pb_text][\/et_pb_column][et_pb_column type=&#8220;1_2&#8243; _builder_version=&#8220;4.16&#8243; background_color=&#8220;#ffffff&#8220; custom_padding=&#8220;30px|20px|30px|20px|false|false&#8220; box_shadow_style=&#8220;preset1&#8243; box_shadow_vertical=&#8220;-6px&#8220; box_shadow_blur=&#8220;20px&#8220; box_shadow_color=&#8220;rgba(0,0,0,0.03)&#8220; global_colors_info=&#8220;{}&#8220;][et_pb_image src=&#8220;https:\/\/www.finikkovo.sk\/wp-content\/uploads\/2022\/11\/3.jpg&#8220; title_text=&#8220;3&#8243; align=&#8220;center&#8220; _builder_version=&#8220;4.19.0&#8243; custom_margin_tablet=&#8220;0px||||false|false&#8220; custom_margin_phone=&#8220;&#8220; custom_margin_last_edited=&#8220;on|phone&#8220; global_colors_info=&#8220;{}&#8220;][\/et_pb_image][et_pb_text _builder_version=&#8220;4.19.0&#8243; text_font=&#8220;Darker Grotesque|600|||||||&#8220; text_text_color=&#8220;#000000&#8243; text_font_size=&#8220;18px&#8220; text_line_height=&#8220;1.4em&#8220; header_font=&#8220;Darker Grotesque|900|||||||&#8220; header_text_color=&#8220;#000000&#8243; header_font_size=&#8220;36px&#8220; header_2_font=&#8220;Darker Grotesque|900|||||||&#8220; header_2_text_color=&#8220;#ddccb8&#8243; header_2_font_size=&#8220;36px&#8220; header_3_font=&#8220;Darker Grotesque|900|||||||&#8220; header_3_text_align=&#8220;center&#8220; header_3_text_color=&#8220;#ddccb8&#8243; header_3_font_size=&#8220;36px&#8220; header_4_font=&#8220;Darker Grotesque|900|||||||&#8220; header_4_text_color=&#8220;#ddccb8&#8243; header_4_font_size=&#8220;36px&#8220; header_5_font=&#8220;Darker Grotesque|900|||||||&#8220; header_5_text_color=&#8220;#ddccb8&#8243; header_5_font_size=&#8220;36px&#8220; header_6_font=&#8220;Darker Grotesque|900|||||||&#8220; header_6_text_color=&#8220;#ddccb8&#8243; header_6_font_size=&#8220;36px&#8220; background_layout=&#8220;dark&#8220; custom_margin=&#8220;||7px|||&#8220; header_font_size_tablet=&#8220;30px&#8220; header_font_size_phone=&#8220;24px&#8220; header_font_size_last_edited=&#8220;on|phone&#8220; header_2_font_size_tablet=&#8220;30px&#8220; header_2_font_size_phone=&#8220;24px&#8220; header_2_font_size_last_edited=&#8220;on|phone&#8220; header_3_font_size_tablet=&#8220;30px&#8220; header_3_font_size_phone=&#8220;24px&#8220; header_3_font_size_last_edited=&#8220;on|phone&#8220; header_4_font_size_tablet=&#8220;30px&#8220; header_4_font_size_phone=&#8220;24px&#8220; header_4_font_size_last_edited=&#8220;on|phone&#8220; header_5_font_size_tablet=&#8220;30px&#8220; header_5_font_size_phone=&#8220;24px&#8220; header_5_font_size_last_edited=&#8220;on|phone&#8220; header_6_font_size_tablet=&#8220;30px&#8220; header_6_font_size_phone=&#8220;24px&#8220; header_6_font_size_last_edited=&#8220;on|phone&#8220; global_colors_info=&#8220;{}&#8220;]<\/p>\n<h3><span style=\"color: #000000\">Mikron VCE 800 Pro<\/span><\/h3>\n<p>[\/et_pb_text][et_pb_text _builder_version=&#8220;4.19.0&#8243; text_font=&#8220;Darker Grotesque|600|||||||&#8220; text_font_size=&#8220;18px&#8220; text_line_height=&#8220;1.4em&#8220; text_orientation=&#8220;center&#8220; global_colors_info=&#8220;{}&#8220;]<\/p>\n<p>X = 800 mm<br \/>\nY = 500 mm<br \/>\nZ = 540 mm<br \/>\nmax 1100kg  <\/p>\n<p>[\/et_pb_text][\/et_pb_column][\/et_pb_row][\/et_pb_section][et_pb_section fb_built=&#8220;1&#8243; admin_label=&#8220;Feature&#8220; _builder_version=&#8220;4.16&#8243; background_color=&#8220;#282828&#8243; custom_margin=&#8220;6px|||||&#8220; custom_padding=&#8220;32px||29px|||&#8220; top_divider_color=&#8220;#ffffff&#8220; top_divider_repeat=&#8220;9x&#8220; global_colors_info=&#8220;{}&#8220;][et_pb_row _builder_version=&#8220;4.19.0&#8243; background_color=&#8220;#e02b20&#8243; use_background_color_gradient=&#8220;on&#8220; background_color_gradient_stops=&#8220;#e02b20 0%|#210000 100%&#8220; background_image=&#8220;https:\/\/www.finikkovo.sk\/wp-content\/uploads\/2022\/12\/metalworking-cnc-milling-machine-cutting-metal-modern-processing-technology-small-depth-field-warning-authentic-shooting-challenging-conditions-little-bit-grain-maybe-blurred.jpg&#8220; background_blend=&#8220;overlay&#8220; custom_margin=&#8220;-130px||||false|false&#8220; custom_padding=&#8220;0px||0px||false|false&#8220; global_colors_info=&#8220;{}&#8220;][et_pb_column type=&#8220;4_4&#8243; _builder_version=&#8220;4.19.0&#8243; background_enable_color=&#8220;off&#8220; custom_padding=&#8220;30px|20px|30px|20px|false|false&#8220; global_colors_info=&#8220;{}&#8220;][et_pb_text _builder_version=&#8220;4.19.0&#8243; text_font=&#8220;Darker Grotesque|600|||||||&#8220; text_text_color=&#8220;#000000&#8243; text_font_size=&#8220;18px&#8220; text_line_height=&#8220;1.4em&#8220; header_font=&#8220;Darker Grotesque|900|||||||&#8220; header_text_color=&#8220;#ddccb8&#8243; header_font_size=&#8220;36px&#8220; header_2_font=&#8220;Darker Grotesque|900|||||||&#8220; header_2_text_color=&#8220;#ddccb8&#8243; header_2_font_size=&#8220;36px&#8220; header_3_font=&#8220;Darker Grotesque|900|||||||&#8220; header_3_text_align=&#8220;center&#8220; header_3_text_color=&#8220;#ddccb8&#8243; header_3_font_size=&#8220;36px&#8220; header_4_font=&#8220;Darker Grotesque|900|||||||&#8220; header_4_text_color=&#8220;#ddccb8&#8243; header_4_font_size=&#8220;36px&#8220; header_5_font=&#8220;Darker Grotesque|900|||||||&#8220; header_5_text_color=&#8220;#ddccb8&#8243; header_5_font_size=&#8220;36px&#8220; header_6_font=&#8220;Darker Grotesque|900|||||||&#8220; header_6_text_color=&#8220;#ddccb8&#8243; header_6_font_size=&#8220;36px&#8220; background_layout=&#8220;dark&#8220; custom_margin=&#8220;||7px|||&#8220; header_font_size_tablet=&#8220;30px&#8220; header_font_size_phone=&#8220;24px&#8220; header_font_size_last_edited=&#8220;on|phone&#8220; header_2_font_size_tablet=&#8220;30px&#8220; header_2_font_size_phone=&#8220;24px&#8220; header_2_font_size_last_edited=&#8220;on|phone&#8220; header_3_font_size_tablet=&#8220;50px&#8220; header_3_font_size_phone=&#8220;40px&#8220; header_3_font_size_last_edited=&#8220;on|phone&#8220; header_4_font_size_tablet=&#8220;30px&#8220; header_4_font_size_phone=&#8220;24px&#8220; header_4_font_size_last_edited=&#8220;on|phone&#8220; header_5_font_size_tablet=&#8220;30px&#8220; header_5_font_size_phone=&#8220;24px&#8220; header_5_font_size_last_edited=&#8220;on|phone&#8220; header_6_font_size_tablet=&#8220;30px&#8220; header_6_font_size_phone=&#8220;24px&#8220; header_6_font_size_last_edited=&#8220;on|phone&#8220; global_colors_info=&#8220;{}&#8220;]<\/p>\n<h3><span style=\"color: #ffffff\">Senden Sie uns Ihre Anfrage<\/span><\/h3>\n<p>[\/et_pb_text][et_pb_text _builder_version=&#8220;4.19.0&#8243; text_font=&#8220;Darker Grotesque|800|||||||&#8220; text_text_color=&#8220;#ffffff&#8220; text_font_size=&#8220;22px&#8220; text_line_height=&#8220;1.4em&#8220; text_orientation=&#8220;center&#8220; background_layout=&#8220;dark&#8220; custom_margin=&#8220;||30px|||&#8220; global_colors_info=&#8220;{}&#8220;]<\/p>\n<p>Wenn Sie Interesse haben, z\u00f6gern Sie bitte nicht, uns \u00fcber das Formular zu kontaktieren. Wir werden Sie innerhalb von 24 Stunden kontaktieren.<\/p>\n<p>[\/et_pb_text][et_pb_button button_url=&#8220;https:\/\/www.finikkovo.sk\/de\/kontakt\/&#8220; button_text=&#8220;KONTAKT&#8220; button_alignment=&#8220;center&#8220; _builder_version=&#8220;4.19.0&#8243; custom_button=&#8220;on&#8220; button_text_color=&#8220;#000000&#8243; button_bg_color=&#8220;#ffffff&#8220; button_border_color=&#8220;#ffffff&#8220; button_border_radius=&#8220;2px&#8220; button_letter_spacing=&#8220;2px&#8220; button_font=&#8220;Darker Grotesque|900||on|||||&#8220; button_use_icon=&#8220;off&#8220; custom_padding=&#8220;15px|40px|15px|40px|true|true&#8220; hover_enabled=&#8220;0&#8243; button_text_size_tablet=&#8220;20px&#8220; button_text_size_phone=&#8220;16px&#8220; button_text_size_last_edited=&#8220;on|phone&#8220; locked=&#8220;off&#8220; global_colors_info=&#8220;{}&#8220; button_border_color__hover_enabled=&#8220;on|hover&#8220; button_border_color__hover=&#8220;#e02b20&#8243; button_bg_color__hover_enabled=&#8220;on|hover&#8220; button_bg_color__hover=&#8220;#c81517&#8243; button_bg_enable_color__hover=&#8220;on&#8220; button_text_color__hover_enabled=&#8220;on|hover&#8220; button_text_color__hover=&#8220;#ffffff&#8220; sticky_enabled=&#8220;0&#8243;][\/et_pb_button][\/et_pb_column][\/et_pb_row][\/et_pb_section]<\/p>\n","protected":false},"excerpt":{"rendered":"<p>MaschinenparkUnsere TechnologienMaschinenpark unseres Unternehmens.Mikron VCE 1200 ProX = 1200 mm Y = 600 mm Z = 675 mm max 1700kg Mikron VCE 800 ProX = 800 mm Y = 500 mm Z = 540 mm max 1100kg Senden Sie uns Ihre AnfrageWenn Sie Interesse haben, z\u00f6gern Sie bitte nicht, uns \u00fcber das Formular zu kontaktieren. [&hellip;]<\/p>\n","protected":false},"author":1,"featured_media":0,"parent":0,"menu_order":0,"comment_status":"closed","ping_status":"closed","template":"","meta":{"_et_pb_use_builder":"on","_et_pb_old_content":"","_et_gb_content_width":"","inline_featured_image":false,"_monsterinsights_skip_tracking":false,"_monsterinsights_sitenote_active":false,"_monsterinsights_sitenote_note":"","_monsterinsights_sitenote_category":0},"yoast_head":"<!-- This site is optimized with the Yoast SEO plugin v19.9 - https:\/\/yoast.com\/wordpress\/plugins\/seo\/ -->\n<title>Maschinenpark - FinikKovo<\/title>\n<meta name=\"robots\" content=\"index, follow, max-snippet:-1, max-image-preview:large, max-video-preview:-1\" \/>\n<link rel=\"canonical\" href=\"https:\/\/www.finikkovo.sk\/de\/maschinenpark\/\" \/>\n<meta property=\"og:locale\" content=\"de_DE\" \/>\n<meta property=\"og:type\" content=\"article\" \/>\n<meta property=\"og:title\" content=\"Maschinenpark - FinikKovo\" \/>\n<meta property=\"og:description\" content=\"MaschinenparkUnsere TechnologienMaschinenpark unseres Unternehmens.Mikron VCE 1200 ProX = 1200 mm Y = 600 mm Z = 675 mm max 1700kg Mikron VCE 800 ProX = 800 mm Y = 500 mm Z = 540 mm max 1100kg Senden Sie uns Ihre AnfrageWenn Sie Interesse haben, z\u00f6gern Sie bitte nicht, uns \u00fcber das Formular zu kontaktieren. [&hellip;]\" \/>\n<meta property=\"og:url\" content=\"https:\/\/www.finikkovo.sk\/de\/maschinenpark\/\" \/>\n<meta property=\"og:site_name\" content=\"FinikKovo\" \/>\n<meta property=\"article:publisher\" content=\"https:\/\/www.facebook.com\/sfkovo\" \/>\n<meta property=\"article:modified_time\" content=\"2023-01-05T20:27:03+00:00\" \/>\n<meta property=\"og:image\" content=\"https:\/\/www.finikkovo.sk\/wp-content\/uploads\/2022\/12\/cropped-FK-symbol.jpg\" \/>\n\t<meta property=\"og:image:width\" content=\"512\" \/>\n\t<meta property=\"og:image:height\" content=\"512\" \/>\n\t<meta property=\"og:image:type\" content=\"image\/jpeg\" \/>\n<meta name=\"twitter:card\" content=\"summary_large_image\" \/>\n<meta name=\"twitter:label1\" content=\"Gesch\u00e4tzte Lesezeit\" \/>\n\t<meta name=\"twitter:data1\" content=\"8\u00a0Minuten\" \/>\n<script type=\"application\/ld+json\" class=\"yoast-schema-graph\">{\"@context\":\"https:\/\/schema.org\",\"@graph\":[{\"@type\":\"WebPage\",\"@id\":\"https:\/\/www.finikkovo.sk\/de\/maschinenpark\/\",\"url\":\"https:\/\/www.finikkovo.sk\/de\/maschinenpark\/\",\"name\":\"Maschinenpark - FinikKovo\",\"isPartOf\":{\"@id\":\"https:\/\/www.finikkovo.sk\/de\/#website\"},\"datePublished\":\"2022-11-08T14:59:46+00:00\",\"dateModified\":\"2023-01-05T20:27:03+00:00\",\"breadcrumb\":{\"@id\":\"https:\/\/www.finikkovo.sk\/de\/maschinenpark\/#breadcrumb\"},\"inLanguage\":\"de\",\"potentialAction\":[{\"@type\":\"ReadAction\",\"target\":[\"https:\/\/www.finikkovo.sk\/de\/maschinenpark\/\"]}]},{\"@type\":\"BreadcrumbList\",\"@id\":\"https:\/\/www.finikkovo.sk\/de\/maschinenpark\/#breadcrumb\",\"itemListElement\":[{\"@type\":\"ListItem\",\"position\":1,\"name\":\"Home\",\"item\":\"https:\/\/www.finikkovo.sk\/de\/\"},{\"@type\":\"ListItem\",\"position\":2,\"name\":\"Maschinenpark\"}]},{\"@type\":\"WebSite\",\"@id\":\"https:\/\/www.finikkovo.sk\/de\/#website\",\"url\":\"https:\/\/www.finikkovo.sk\/de\/\",\"name\":\"FinikKovo\",\"description\":\"Kusov\u00e1 a s\u00e9riov\u00e1 v\u00fdroba s\u00fa\u010diastok\",\"publisher\":{\"@id\":\"https:\/\/www.finikkovo.sk\/de\/#organization\"},\"potentialAction\":[{\"@type\":\"SearchAction\",\"target\":{\"@type\":\"EntryPoint\",\"urlTemplate\":\"https:\/\/www.finikkovo.sk\/de\/?s={search_term_string}\"},\"query-input\":\"required name=search_term_string\"}],\"inLanguage\":\"de\"},{\"@type\":\"Organization\",\"@id\":\"https:\/\/www.finikkovo.sk\/de\/#organization\",\"name\":\"FinikKovo\",\"url\":\"https:\/\/www.finikkovo.sk\/de\/\",\"logo\":{\"@type\":\"ImageObject\",\"inLanguage\":\"de\",\"@id\":\"https:\/\/www.finikkovo.sk\/de\/#\/schema\/logo\/image\/\",\"url\":\"https:\/\/www.finikkovo.sk\/wp-content\/uploads\/2022\/12\/cropped-FK-symbol.jpg\",\"contentUrl\":\"https:\/\/www.finikkovo.sk\/wp-content\/uploads\/2022\/12\/cropped-FK-symbol.jpg\",\"width\":512,\"height\":512,\"caption\":\"FinikKovo\"},\"image\":{\"@id\":\"https:\/\/www.finikkovo.sk\/de\/#\/schema\/logo\/image\/\"},\"sameAs\":[\"https:\/\/www.instagram.com\/finik_kovo\/\",\"https:\/\/www.facebook.com\/sfkovo\"]}]}<\/script>\n<!-- \/ Yoast SEO plugin. -->","yoast_head_json":{"title":"Maschinenpark - FinikKovo","robots":{"index":"index","follow":"follow","max-snippet":"max-snippet:-1","max-image-preview":"max-image-preview:large","max-video-preview":"max-video-preview:-1"},"canonical":"https:\/\/www.finikkovo.sk\/de\/maschinenpark\/","og_locale":"de_DE","og_type":"article","og_title":"Maschinenpark - FinikKovo","og_description":"MaschinenparkUnsere TechnologienMaschinenpark unseres Unternehmens.Mikron VCE 1200 ProX = 1200 mm Y = 600 mm Z = 675 mm max 1700kg Mikron VCE 800 ProX = 800 mm Y = 500 mm Z = 540 mm max 1100kg Senden Sie uns Ihre AnfrageWenn Sie Interesse haben, z\u00f6gern Sie bitte nicht, uns \u00fcber das Formular zu kontaktieren. [&hellip;]","og_url":"https:\/\/www.finikkovo.sk\/de\/maschinenpark\/","og_site_name":"FinikKovo","article_publisher":"https:\/\/www.facebook.com\/sfkovo","article_modified_time":"2023-01-05T20:27:03+00:00","og_image":[{"width":512,"height":512,"url":"https:\/\/www.finikkovo.sk\/wp-content\/uploads\/2022\/12\/cropped-FK-symbol.jpg","type":"image\/jpeg"}],"twitter_card":"summary_large_image","twitter_misc":{"Gesch\u00e4tzte Lesezeit":"8\u00a0Minuten"},"schema":{"@context":"https:\/\/schema.org","@graph":[{"@type":"WebPage","@id":"https:\/\/www.finikkovo.sk\/de\/maschinenpark\/","url":"https:\/\/www.finikkovo.sk\/de\/maschinenpark\/","name":"Maschinenpark - FinikKovo","isPartOf":{"@id":"https:\/\/www.finikkovo.sk\/de\/#website"},"datePublished":"2022-11-08T14:59:46+00:00","dateModified":"2023-01-05T20:27:03+00:00","breadcrumb":{"@id":"https:\/\/www.finikkovo.sk\/de\/maschinenpark\/#breadcrumb"},"inLanguage":"de","potentialAction":[{"@type":"ReadAction","target":["https:\/\/www.finikkovo.sk\/de\/maschinenpark\/"]}]},{"@type":"BreadcrumbList","@id":"https:\/\/www.finikkovo.sk\/de\/maschinenpark\/#breadcrumb","itemListElement":[{"@type":"ListItem","position":1,"name":"Home","item":"https:\/\/www.finikkovo.sk\/de\/"},{"@type":"ListItem","position":2,"name":"Maschinenpark"}]},{"@type":"WebSite","@id":"https:\/\/www.finikkovo.sk\/de\/#website","url":"https:\/\/www.finikkovo.sk\/de\/","name":"FinikKovo","description":"Kusov\u00e1 a s\u00e9riov\u00e1 v\u00fdroba s\u00fa\u010diastok","publisher":{"@id":"https:\/\/www.finikkovo.sk\/de\/#organization"},"potentialAction":[{"@type":"SearchAction","target":{"@type":"EntryPoint","urlTemplate":"https:\/\/www.finikkovo.sk\/de\/?s={search_term_string}"},"query-input":"required name=search_term_string"}],"inLanguage":"de"},{"@type":"Organization","@id":"https:\/\/www.finikkovo.sk\/de\/#organization","name":"FinikKovo","url":"https:\/\/www.finikkovo.sk\/de\/","logo":{"@type":"ImageObject","inLanguage":"de","@id":"https:\/\/www.finikkovo.sk\/de\/#\/schema\/logo\/image\/","url":"https:\/\/www.finikkovo.sk\/wp-content\/uploads\/2022\/12\/cropped-FK-symbol.jpg","contentUrl":"https:\/\/www.finikkovo.sk\/wp-content\/uploads\/2022\/12\/cropped-FK-symbol.jpg","width":512,"height":512,"caption":"FinikKovo"},"image":{"@id":"https:\/\/www.finikkovo.sk\/de\/#\/schema\/logo\/image\/"},"sameAs":["https:\/\/www.instagram.com\/finik_kovo\/","https:\/\/www.facebook.com\/sfkovo"]}]}},"_links":{"self":[{"href":"https:\/\/www.finikkovo.sk\/de\/wp-json\/wp\/v2\/pages\/243759"}],"collection":[{"href":"https:\/\/www.finikkovo.sk\/de\/wp-json\/wp\/v2\/pages"}],"about":[{"href":"https:\/\/www.finikkovo.sk\/de\/wp-json\/wp\/v2\/types\/page"}],"author":[{"embeddable":true,"href":"https:\/\/www.finikkovo.sk\/de\/wp-json\/wp\/v2\/users\/1"}],"replies":[{"embeddable":true,"href":"https:\/\/www.finikkovo.sk\/de\/wp-json\/wp\/v2\/comments?post=243759"}],"version-history":[{"count":5,"href":"https:\/\/www.finikkovo.sk\/de\/wp-json\/wp\/v2\/pages\/243759\/revisions"}],"predecessor-version":[{"id":243930,"href":"https:\/\/www.finikkovo.sk\/de\/wp-json\/wp\/v2\/pages\/243759\/revisions\/243930"}],"wp:attachment":[{"href":"https:\/\/www.finikkovo.sk\/de\/wp-json\/wp\/v2\/media?parent=243759"}],"curies":[{"name":"wp","href":"https:\/\/api.w.org\/{rel}","templated":true}]}}